{"id":1440,"date":"2025-07-13T15:56:53","date_gmt":"2025-07-13T13:56:53","guid":{"rendered":"https:\/\/mondellohospitality.com\/?page_id=1440"},"modified":"2026-02-18T10:23:51","modified_gmt":"2026-02-18T09:23:51","slug":"legal-notices","status":"publish","type":"page","link":"https:\/\/mondellohospitality.com\/en\/mentions-legales\/","title":{"rendered":"Legal notice"},"content":{"rendered":"<div data-elementor-type=\"wp-page\" data-elementor-id=\"1440\" class=\"elementor elementor-1440\" data-elementor-post-type=\"page\">\n\t\t\t\t<div class=\"elementor-element elementor-element-0c8c507 e-flex e-con-boxed wpr-particle-no wpr-jarallax-no wpr-parallax-no wpr-sticky-section-no wpr-equal-height-no e-con e-parent\" data-id=\"0c8c507\" data-element_type=\"container\" data-e-type=\"container\">\n\t\t\t\t\t<div class=\"e-con-inner\">\n\t\t\t\t<div class=\"elementor-element elementor-element-3d33796 elementor-widget elementor-widget-spacer\" data-id=\"3d33796\" data-element_type=\"widget\" data-e-type=\"widget\" data-widget_type=\"spacer.default\">\n\t\t\t\t<div class=\"elementor-widget-container\">\n\t\t\t\t\t\t\t<div class=\"elementor-spacer\">\n\t\t\t<div class=\"elementor-spacer-inner\"><\/div>\n\t\t<\/div>\n\t\t\t\t\t\t<\/div>\n\t\t\t\t<\/div>\n\t\t\t\t\t<\/div>\n\t\t\t\t<\/div>\n\t\t<div class=\"elementor-element elementor-element-53c85dd e-flex e-con-boxed wpr-particle-no wpr-jarallax-no wpr-parallax-no wpr-sticky-section-no wpr-equal-height-no e-con e-parent\" data-id=\"53c85dd\" data-element_type=\"container\" data-e-type=\"container\">\n\t\t\t\t\t<div class=\"e-con-inner\">\n\t\t<div class=\"elementor-element elementor-element-dd2a412 e-con-full e-flex wpr-particle-no wpr-jarallax-no wpr-parallax-no wpr-sticky-section-no wpr-equal-height-no e-con e-child\" data-id=\"dd2a412\" data-element_type=\"container\" data-e-type=\"container\">\n\t\t\t\t<div class=\"elementor-element elementor-element-8d606a9 elementor-widget elementor-widget-heading\" data-id=\"8d606a9\" data-element_type=\"widget\" data-e-type=\"widget\" data-widget_type=\"heading.default\">\n\t\t\t\t<div class=\"elementor-widget-container\">\n\t\t\t\t\t<h1 class=\"elementor-heading-title elementor-size-default\">Legal Notice<\/h1>\t\t\t\t<\/div>\n\t\t\t\t<\/div>\n\t\t\t\t<\/div>\n\t\t\t\t<div class=\"elementor-element elementor-element-4420ac1 elementor-widget elementor-widget-spacer\" data-id=\"4420ac1\" data-element_type=\"widget\" data-e-type=\"widget\" data-widget_type=\"spacer.default\">\n\t\t\t\t<div class=\"elementor-widget-container\">\n\t\t\t\t\t\t\t<div class=\"elementor-spacer\">\n\t\t\t<div class=\"elementor-spacer-inner\"><\/div>\n\t\t<\/div>\n\t\t\t\t\t\t<\/div>\n\t\t\t\t<\/div>\n\t\t\t\t\t<\/div>\n\t\t\t\t<\/div>\n\t\t<div class=\"elementor-element elementor-element-479e43a e-flex e-con-boxed wpr-particle-no wpr-jarallax-no wpr-parallax-no wpr-sticky-section-no wpr-equal-height-no e-con e-parent\" data-id=\"479e43a\" data-element_type=\"container\" data-e-type=\"container\">\n\t\t\t\t\t<div class=\"e-con-inner\">\n\t\t\t\t<div class=\"elementor-element elementor-element-1352db1 elementor-widget elementor-widget-text-editor\" data-id=\"1352db1\" data-element_type=\"widget\" data-e-type=\"widget\" data-widget_type=\"text-editor.default\">\n\t\t\t\t<div class=\"elementor-widget-container\">\n\t\t\t\t\t\t\t\t\t<p><strong>Editing the site<\/strong><\/p><p>This website is published and operated by the company <strong>Mondello Hospitality Events<\/strong>, a limited liability company with a share capital of \u20ac15,000, with its registered office at 7B Chemin des Gourguettes, 06150 Cannes (France), registered with the Cannes Trade and Companies Register (France) under number 930953526 and whose SIREN number is: 930 953 526.<\/p><p>VAT Registration Number: FR21930953526.\u00a0<\/p><p>\u00a0<\/p><p><strong>II. Contact us<\/strong><\/p><p>Phone number: +33 (0)4 92 59 17 26<\/p><p>Director of Publication and Data Protection Officer: Mr Julien Dura \u2013 <a href=\"mailto:consultant-events@mondellohospitality.com?subject=Mention%20l%C3%A9gales%20mondellohospitality.com\">rh@mondellohospitality.com<\/a><\/p><p>\u00a0<\/p><p><strong>III. Host information<\/strong><\/p><p>Name: Gandi.net<\/p><p>Address: 63, 65 Boulevard Massena, 75013 Paris, France<\/p><p>Website <a href=\"https:\/\/www.gandi.net\/fr\" target=\"_self\">https:\/\/www.gandi.net\/fr<\/a><\/p><p>E-mail : <a href=\"mailto:direction@gandi.net\" target=\"_blank\" rel=\"nofollow noopener noreferrer\" shape=\"rect\">direction@gandi.net<\/a><\/p><p>\u00a0<\/p><p><strong>IV. Intellectual Property and Counterfeiting<\/strong><\/p><div class=\"fe-block fe-block-fee86c7df743381ae243\"><div id=\"block-fee86c7df743381ae243\" class=\"sqs-block html-block sqs-block-html\" data-blend-mode=\"NORMAL\" data-block-type=\"2\" data-border-radii=\"{&quot;topLeft&quot;:{&quot;unit&quot;:&quot;px&quot;,&quot;value&quot;:0.0},&quot;topRight&quot;:{&quot;unit&quot;:&quot;px&quot;,&quot;value&quot;:0.0},&quot;bottomLeft&quot;:{&quot;unit&quot;:&quot;px&quot;,&quot;value&quot;:0.0},&quot;bottomRight&quot;:{&quot;unit&quot;:&quot;px&quot;,&quot;value&quot;:0.0}}\"><div class=\"sqs-block-content\"><div class=\"sqs-html-content\"><p class=\"preFade fadeIn\">Mondello Hospitality Events owns the intellectual property rights and holds usage rights over all elements accessible on the website, including texts, images, graphics, logos, videos, architecture, icons, and sounds.<\/p><p class=\"preFade fadeIn\">Any unauthorised use of the site or any of its elements will be considered an infringement and prosecuted in accordance with the provisions of Articles <a href=\"https:\/\/www.legifrance.gouv.fr\/affichCodeArticle.do?idArticle=LEGIARTI000032655082&amp;cidTexte=LEGITEXT000006069414&amp;dateTexte=20160605\">Articles L.335-2 onwards of the Intellectual Property Code<\/a>.<\/p><p class=\"preFade fadeIn\">\u00a0<\/p><p class=\"preFade fadeIn\"><strong>V. Limitations of Liability<\/strong><\/p><\/div><\/div><\/div><\/div><div class=\"fe-block fe-block-5cdbe24784f51937e152\"><div id=\"block-5cdbe24784f51937e152\" class=\"sqs-block html-block sqs-block-html\" data-blend-mode=\"NORMAL\" data-block-type=\"2\" data-border-radii=\"{&quot;topLeft&quot;:{&quot;unit&quot;:&quot;px&quot;,&quot;value&quot;:0.0},&quot;topRight&quot;:{&quot;unit&quot;:&quot;px&quot;,&quot;value&quot;:0.0},&quot;bottomLeft&quot;:{&quot;unit&quot;:&quot;px&quot;,&quot;value&quot;:0.0},&quot;bottomRight&quot;:{&quot;unit&quot;:&quot;px&quot;,&quot;value&quot;:0.0}}\"><div class=\"sqs-block-content\"><div class=\"sqs-html-content\"><div class=\"sqsrte-scaled-text-container loaded\">Mondello Hospitality Events cannot be held liable for direct and indirect damage caused to the user's equipment when accessing the site. <a href=\"https:\/\/mondellohospitality.com\/en\/\">mondellohospitality.com<\/a>.<\/div><\/div><\/div><\/div><\/div><div class=\"fe-block fe-block-127a05ece440eb406f63\"><div id=\"block-127a05ece440eb406f63\" class=\"sqs-block html-block sqs-block-html\" data-blend-mode=\"NORMAL\" data-block-type=\"2\" data-border-radii=\"{&quot;topLeft&quot;:{&quot;unit&quot;:&quot;px&quot;,&quot;value&quot;:0.0},&quot;topRight&quot;:{&quot;unit&quot;:&quot;px&quot;,&quot;value&quot;:0.0},&quot;bottomLeft&quot;:{&quot;unit&quot;:&quot;px&quot;,&quot;value&quot;:0.0},&quot;bottomRight&quot;:{&quot;unit&quot;:&quot;px&quot;,&quot;value&quot;:0.0}}\"><div class=\"sqs-block-content\"><div class=\"sqs-html-content\"><p class=\"preFade fadeIn\">Mondello Hospitality Events accepts no responsibility for the use that may be made of the information and content present on <a href=\"https:\/\/mondellohospitality.com\/en\/\">mondellohospitality.com<\/a>.<\/p><p class=\"preFade fadeIn\">Mondello Hospitality Events is committed to securing the site as best as possible. <a href=\"https:\/\/mondellohospitality.com\/en\/\">mondellohospitality.com<\/a>, however, it shall not be held responsible if undesirable data is imported and installed on its site without its knowledge.<\/p><p class=\"preFade fadeIn\">Interactive spaces (contact or comment areas) are available to users. Mondello Hospitality Events reserves the right to delete, without prior notice, any content posted in these areas that would contravene applicable legislation in France, particularly provisions relating to data protection.<\/p><p class=\"preFade fadeIn\">\u00a0<\/p><p class=\"preFade fadeIn\">\u00a0<\/p><p class=\"preFade fadeIn\">\u00a0<\/p><\/div><\/div><\/div><\/div>\t\t\t\t\t\t\t\t<\/div>\n\t\t\t\t<\/div>\n\t\t\t\t\t<\/div>\n\t\t\t\t<\/div>\n\t\t\t\t<\/div>","protected":false},"excerpt":{"rendered":"<p>Mentions L\u00e9gales I. \u00c9dition du site Ce site est \u00e9dit\u00e9 et exploit\u00e9 par la soci\u00e9t\u00e9 Mondello Hospitality Events, Soci\u00e9t\u00e9 \u00e0 Responsabilit\u00e9 Limit\u00e9e\u00a0au capital social de 15 000 \u20ac, ayant son si\u00e8ge social au 7B Chemin des Gourguettes, 06150 Cannes (France), immatricul\u00e9e au Registre du Commerce et des Soci\u00e9t\u00e9s de Cannes (France) sous le num\u00e9ro 930953526 et dont le num\u00e9ro SIREN est le suivant : 930 953 526. N\u00b0 de TVA intracommunautaire: FR21930953526.\u00a0 \u00a0 II. Contactez-nous N\u00b0 de t\u00e9l\u00e9phone: +33 (0)4 92 59 17 26 Directeur de Publication et d\u00e9l\u00e9gu\u00e9 \u00e0 la protection des donn\u00e9es : Monsieur Julien Dura &#8211; rh@mondellohospitality.com \u00a0 III. Informations h\u00e9bergeur Nom : Gandi.net Adresse : 63, 65 Boulevard Massena, 75013 Paris France Site web : https:\/\/www.gandi.net\/fr E-mail : direction@gandi.net \u00a0 IV. Propri\u00e9t\u00e9 intellectuelle et contrefa\u00e7ons Mondello Hospitality Events est propri\u00e9taire des droits de propri\u00e9t\u00e9 intellectuelle et d\u00e9tient les droits d\u2019usage sur tous les \u00e9l\u00e9ments accessibles sur le site internet, notamment les textes, images, graphismes, logos, vid\u00e9os, architecture, ic\u00f4nes et sons. Toute exploitation non autoris\u00e9e du site ou de l\u2019un quelconque des \u00e9l\u00e9ments qu\u2019il contient sera consid\u00e9r\u00e9e comme constitutive d\u2019une contrefa\u00e7on et poursuivie conform\u00e9ment aux dispositions des articles L.335-2 et suivants du Code de Propri\u00e9t\u00e9 Intellectuelle. \u00a0 V. Limitations de responsabilit\u00e9 Mondello Hospitality Events ne pourra \u00eatre tenu pour responsable des dommages directs et indirects caus\u00e9s au mat\u00e9riel de l\u2019utilisateur, lors de l\u2019acc\u00e8s au site mondellohospitality.com. Mondello Hospitality Events d\u00e9cline toute responsabilit\u00e9 quant \u00e0 l\u2019utilisation qui pourrait \u00eatre faite des informations et contenus pr\u00e9sents sur mondellohospitality.com. Mondello Hospitality Events s\u2019engage \u00e0 s\u00e9curiser au mieux le site mondellohospitality.com, cependant sa responsabilit\u00e9 ne pourra \u00eatre mise en cause si des donn\u00e9es ind\u00e9sirables sont import\u00e9es et install\u00e9es sur son site \u00e0 son insu. Des espaces interactifs (espace contact ou commentaires) sont \u00e0 la disposition des utilisateurs. Mondello Hospitality Events se r\u00e9serve le droit de supprimer, sans mise en demeure pr\u00e9alable, tout contenu d\u00e9pos\u00e9 dans cet espace qui contreviendrait \u00e0 la l\u00e9gislation applicable en France, en particulier aux dispositions relatives \u00e0 la protection des donn\u00e9es. \u00a0 \u00a0 \u00a0<\/p>","protected":false},"author":1,"featured_media":20,"parent":0,"menu_order":0,"comment_status":"closed","ping_status":"closed","template":"","meta":{"footnotes":""},"class_list":["post-1440","page","type-page","status-publish","has-post-thumbnail","hentry"],"yoast_head":"<!-- This site is optimized with the Yoast SEO plugin v27.5 - https:\/\/yoast.com\/product\/yoast-seo-wordpress\/ -->\n<title>mentions l\u00e9gales | Mondello Hospitality Events<\/title>\n<meta name=\"robots\" content=\"index, follow, max-snippet:-1, max-image-preview:large, max-video-preview:-1\" \/>\n<link rel=\"canonical\" href=\"https:\/\/mondellohospitality.com\/en\/legal-notices\/\" \/>\n<meta property=\"og:locale\" content=\"en_GB\" \/>\n<meta property=\"og:type\" content=\"article\" \/>\n<meta property=\"og:title\" content=\"mentions l\u00e9gales | Mondello Hospitality Events\" \/>\n<meta property=\"og:description\" content=\"Mentions L\u00e9gales I. \u00c9dition du site Ce site est \u00e9dit\u00e9 et exploit\u00e9 par la soci\u00e9t\u00e9 Mondello Hospitality Events, Soci\u00e9t\u00e9 \u00e0 Responsabilit\u00e9 Limit\u00e9e\u00a0au capital social de 15 000 \u20ac, ayant son si\u00e8ge social au 7B Chemin des Gourguettes, 06150 Cannes (France), immatricul\u00e9e au Registre du Commerce et des Soci\u00e9t\u00e9s de Cannes (France) sous le num\u00e9ro 930953526 et dont le num\u00e9ro SIREN est le suivant : 930 953 526. N\u00b0 de TVA intracommunautaire: FR21930953526.\u00a0 \u00a0 II. Contactez-nous N\u00b0 de t\u00e9l\u00e9phone: +33 (0)4 92 59 17 26 Directeur de Publication et d\u00e9l\u00e9gu\u00e9 \u00e0 la protection des donn\u00e9es : Monsieur Julien Dura &#8211; rh@mondellohospitality.com \u00a0 III. Informations h\u00e9bergeur Nom : Gandi.net Adresse : 63, 65 Boulevard Massena, 75013 Paris France Site web : https:\/\/www.gandi.net\/fr E-mail : direction@gandi.net \u00a0 IV. Propri\u00e9t\u00e9 intellectuelle et contrefa\u00e7ons Mondello Hospitality Events est propri\u00e9taire des droits de propri\u00e9t\u00e9 intellectuelle et d\u00e9tient les droits d\u2019usage sur tous les \u00e9l\u00e9ments accessibles sur le site internet, notamment les textes, images, graphismes, logos, vid\u00e9os, architecture, ic\u00f4nes et sons. Toute exploitation non autoris\u00e9e du site ou de l\u2019un quelconque des \u00e9l\u00e9ments qu\u2019il contient sera consid\u00e9r\u00e9e comme constitutive d\u2019une contrefa\u00e7on et poursuivie conform\u00e9ment aux dispositions des articles L.335-2 et suivants du Code de Propri\u00e9t\u00e9 Intellectuelle. \u00a0 V. Limitations de responsabilit\u00e9 Mondello Hospitality Events ne pourra \u00eatre tenu pour responsable des dommages directs et indirects caus\u00e9s au mat\u00e9riel de l\u2019utilisateur, lors de l\u2019acc\u00e8s au site mondellohospitality.com. Mondello Hospitality Events d\u00e9cline toute responsabilit\u00e9 quant \u00e0 l\u2019utilisation qui pourrait \u00eatre faite des informations et contenus pr\u00e9sents sur mondellohospitality.com. Mondello Hospitality Events s\u2019engage \u00e0 s\u00e9curiser au mieux le site mondellohospitality.com, cependant sa responsabilit\u00e9 ne pourra \u00eatre mise en cause si des donn\u00e9es ind\u00e9sirables sont import\u00e9es et install\u00e9es sur son site \u00e0 son insu. Des espaces interactifs (espace contact ou commentaires) sont \u00e0 la disposition des utilisateurs. Mondello Hospitality Events se r\u00e9serve le droit de supprimer, sans mise en demeure pr\u00e9alable, tout contenu d\u00e9pos\u00e9 dans cet espace qui contreviendrait \u00e0 la l\u00e9gislation applicable en France, en particulier aux dispositions relatives \u00e0 la protection des donn\u00e9es. \u00a0 \u00a0 \u00a0\" \/>\n<meta property=\"og:url\" content=\"https:\/\/mondellohospitality.com\/en\/legal-notices\/\" \/>\n<meta property=\"og:site_name\" content=\"Mondello Hospitality Events\" \/>\n<meta property=\"article:publisher\" content=\"https:\/\/www.facebook.com\/share\/1CWkDSPve5\/?mibextid=wwXIfr\" \/>\n<meta property=\"article:modified_time\" content=\"2026-02-18T09:23:51+00:00\" \/>\n<meta property=\"og:image\" content=\"https:\/\/mondellohospitality.com\/wp-content\/uploads\/2025\/07\/CHARETTE-SICILIENNE-DECOREE-e1752600427161.webp\" \/>\n\t<meta property=\"og:image:width\" content=\"1440\" \/>\n\t<meta property=\"og:image:height\" content=\"602\" \/>\n\t<meta property=\"og:image:type\" content=\"image\/webp\" \/>\n<meta name=\"twitter:card\" content=\"summary_large_image\" \/>\n<meta name=\"twitter:label1\" content=\"Estimated reading time\" \/>\n\t<meta name=\"twitter:data1\" content=\"2 minutes\" \/>\n<script type=\"application\/ld+json\" class=\"yoast-schema-graph\">{\"@context\":\"https:\\\/\\\/schema.org\",\"@graph\":[{\"@type\":\"WebPage\",\"@id\":\"https:\\\/\\\/mondellohospitality.com\\\/mentions-legales\\\/\",\"url\":\"https:\\\/\\\/mondellohospitality.com\\\/mentions-legales\\\/\",\"name\":\"mentions l\u00e9gales | Mondello Hospitality Events\",\"isPartOf\":{\"@id\":\"https:\\\/\\\/mondellohospitality.com\\\/#website\"},\"primaryImageOfPage\":{\"@id\":\"https:\\\/\\\/mondellohospitality.com\\\/mentions-legales\\\/#primaryimage\"},\"image\":{\"@id\":\"https:\\\/\\\/mondellohospitality.com\\\/mentions-legales\\\/#primaryimage\"},\"thumbnailUrl\":\"https:\\\/\\\/mondellohospitality.com\\\/wp-content\\\/uploads\\\/2025\\\/07\\\/CHARETTE-SICILIENNE-DECOREE-e1752600427161.webp\",\"datePublished\":\"2025-07-13T13:56:53+00:00\",\"dateModified\":\"2026-02-18T09:23:51+00:00\",\"breadcrumb\":{\"@id\":\"https:\\\/\\\/mondellohospitality.com\\\/mentions-legales\\\/#breadcrumb\"},\"inLanguage\":\"en-GB\",\"potentialAction\":[{\"@type\":\"ReadAction\",\"target\":[\"https:\\\/\\\/mondellohospitality.com\\\/mentions-legales\\\/\"]}]},{\"@type\":\"ImageObject\",\"inLanguage\":\"en-GB\",\"@id\":\"https:\\\/\\\/mondellohospitality.com\\\/mentions-legales\\\/#primaryimage\",\"url\":\"https:\\\/\\\/mondellohospitality.com\\\/wp-content\\\/uploads\\\/2025\\\/07\\\/CHARETTE-SICILIENNE-DECOREE-e1752600427161.webp\",\"contentUrl\":\"https:\\\/\\\/mondellohospitality.com\\\/wp-content\\\/uploads\\\/2025\\\/07\\\/CHARETTE-SICILIENNE-DECOREE-e1752600427161.webp\",\"width\":1440,\"height\":602,\"caption\":\"Charette sicilienne d\u00e9cor\u00e9e de couleurs vives et de sc\u00e8nes du Moyen-Age\"},{\"@type\":\"BreadcrumbList\",\"@id\":\"https:\\\/\\\/mondellohospitality.com\\\/mentions-legales\\\/#breadcrumb\",\"itemListElement\":[{\"@type\":\"ListItem\",\"position\":1,\"name\":\"Accueil\",\"item\":\"https:\\\/\\\/mondellohospitality.com\\\/\"},{\"@type\":\"ListItem\",\"position\":2,\"name\":\"mentions l\u00e9gales\"}]},{\"@type\":\"WebSite\",\"@id\":\"https:\\\/\\\/mondellohospitality.com\\\/#website\",\"url\":\"https:\\\/\\\/mondellohospitality.com\\\/\",\"name\":\"Mondello Hospitality Events\",\"description\":\"Cr\u00e9ateur d\u2019Instants - \u00c9v\u00e9nements sur mesure inspir\u00e9s de l\u2019\u00e9l\u00e9gance fran\u00e7aise et de la chaleur sicilienne\u2026\",\"publisher\":{\"@id\":\"https:\\\/\\\/mondellohospitality.com\\\/#organization\"},\"potentialAction\":[{\"@type\":\"SearchAction\",\"target\":{\"@type\":\"EntryPoint\",\"urlTemplate\":\"https:\\\/\\\/mondellohospitality.com\\\/?s={search_term_string}\"},\"query-input\":{\"@type\":\"PropertyValueSpecification\",\"valueRequired\":true,\"valueName\":\"search_term_string\"}}],\"inLanguage\":\"en-GB\"},{\"@type\":\"Organization\",\"@id\":\"https:\\\/\\\/mondellohospitality.com\\\/#organization\",\"name\":\"Mondello Hospitality Events\",\"url\":\"https:\\\/\\\/mondellohospitality.com\\\/\",\"logo\":{\"@type\":\"ImageObject\",\"inLanguage\":\"en-GB\",\"@id\":\"https:\\\/\\\/mondellohospitality.com\\\/#\\\/schema\\\/logo\\\/image\\\/\",\"url\":\"https:\\\/\\\/mondellohospitality.com\\\/wp-content\\\/uploads\\\/2025\\\/07\\\/cropped-Maiolica-Bleu.webp\",\"contentUrl\":\"https:\\\/\\\/mondellohospitality.com\\\/wp-content\\\/uploads\\\/2025\\\/07\\\/cropped-Maiolica-Bleu.webp\",\"width\":512,\"height\":512,\"caption\":\"Mondello Hospitality Events\"},\"image\":{\"@id\":\"https:\\\/\\\/mondellohospitality.com\\\/#\\\/schema\\\/logo\\\/image\\\/\"},\"sameAs\":[\"https:\\\/\\\/www.facebook.com\\\/share\\\/1CWkDSPve5\\\/?mibextid=wwXIfr\",\"https:\\\/\\\/www.instagram.com\\\/mondello_hospitality_events\\\/\",\"https:\\\/\\\/www.linkedin.com\\\/company\\\/mondello-hospitality\\\/\"]}]}<\/script>\n<!-- \/ Yoast SEO plugin. -->","yoast_head_json":{"title":"Legal notices | Mondello Hospitality Events","robots":{"index":"index","follow":"follow","max-snippet":"max-snippet:-1","max-image-preview":"max-image-preview:large","max-video-preview":"max-video-preview:-1"},"canonical":"https:\/\/mondellohospitality.com\/en\/legal-notices\/","og_locale":"en_GB","og_type":"article","og_title":"mentions l\u00e9gales | Mondello Hospitality Events","og_description":"Mentions L\u00e9gales I. \u00c9dition du site Ce site est \u00e9dit\u00e9 et exploit\u00e9 par la soci\u00e9t\u00e9 Mondello Hospitality Events, Soci\u00e9t\u00e9 \u00e0 Responsabilit\u00e9 Limit\u00e9e\u00a0au capital social de 15 000 \u20ac, ayant son si\u00e8ge social au 7B Chemin des Gourguettes, 06150 Cannes (France), immatricul\u00e9e au Registre du Commerce et des Soci\u00e9t\u00e9s de Cannes (France) sous le num\u00e9ro 930953526 et dont le num\u00e9ro SIREN est le suivant : 930 953 526. N\u00b0 de TVA intracommunautaire: FR21930953526.\u00a0 \u00a0 II. Contactez-nous N\u00b0 de t\u00e9l\u00e9phone: +33 (0)4 92 59 17 26 Directeur de Publication et d\u00e9l\u00e9gu\u00e9 \u00e0 la protection des donn\u00e9es : Monsieur Julien Dura &#8211; rh@mondellohospitality.com \u00a0 III. Informations h\u00e9bergeur Nom : Gandi.net Adresse : 63, 65 Boulevard Massena, 75013 Paris France Site web : https:\/\/www.gandi.net\/fr E-mail : direction@gandi.net \u00a0 IV. Propri\u00e9t\u00e9 intellectuelle et contrefa\u00e7ons Mondello Hospitality Events est propri\u00e9taire des droits de propri\u00e9t\u00e9 intellectuelle et d\u00e9tient les droits d\u2019usage sur tous les \u00e9l\u00e9ments accessibles sur le site internet, notamment les textes, images, graphismes, logos, vid\u00e9os, architecture, ic\u00f4nes et sons. Toute exploitation non autoris\u00e9e du site ou de l\u2019un quelconque des \u00e9l\u00e9ments qu\u2019il contient sera consid\u00e9r\u00e9e comme constitutive d\u2019une contrefa\u00e7on et poursuivie conform\u00e9ment aux dispositions des articles L.335-2 et suivants du Code de Propri\u00e9t\u00e9 Intellectuelle. \u00a0 V. Limitations de responsabilit\u00e9 Mondello Hospitality Events ne pourra \u00eatre tenu pour responsable des dommages directs et indirects caus\u00e9s au mat\u00e9riel de l\u2019utilisateur, lors de l\u2019acc\u00e8s au site mondellohospitality.com. Mondello Hospitality Events d\u00e9cline toute responsabilit\u00e9 quant \u00e0 l\u2019utilisation qui pourrait \u00eatre faite des informations et contenus pr\u00e9sents sur mondellohospitality.com. Mondello Hospitality Events s\u2019engage \u00e0 s\u00e9curiser au mieux le site mondellohospitality.com, cependant sa responsabilit\u00e9 ne pourra \u00eatre mise en cause si des donn\u00e9es ind\u00e9sirables sont import\u00e9es et install\u00e9es sur son site \u00e0 son insu. Des espaces interactifs (espace contact ou commentaires) sont \u00e0 la disposition des utilisateurs. Mondello Hospitality Events se r\u00e9serve le droit de supprimer, sans mise en demeure pr\u00e9alable, tout contenu d\u00e9pos\u00e9 dans cet espace qui contreviendrait \u00e0 la l\u00e9gislation applicable en France, en particulier aux dispositions relatives \u00e0 la protection des donn\u00e9es. \u00a0 \u00a0 \u00a0","og_url":"https:\/\/mondellohospitality.com\/en\/legal-notices\/","og_site_name":"Mondello Hospitality Events","article_publisher":"https:\/\/www.facebook.com\/share\/1CWkDSPve5\/?mibextid=wwXIfr","article_modified_time":"2026-02-18T09:23:51+00:00","og_image":[{"width":1440,"height":602,"url":"https:\/\/mondellohospitality.com\/wp-content\/uploads\/2025\/07\/CHARETTE-SICILIENNE-DECOREE-e1752600427161.webp","type":"image\/webp"}],"twitter_card":"summary_large_image","twitter_misc":{"Estimated reading time":"2 minutes"},"schema":{"@context":"https:\/\/schema.org","@graph":[{"@type":"WebPage","@id":"https:\/\/mondellohospitality.com\/mentions-legales\/","url":"https:\/\/mondellohospitality.com\/mentions-legales\/","name":"Legal notices | Mondello Hospitality Events","isPartOf":{"@id":"https:\/\/mondellohospitality.com\/#website"},"primaryImageOfPage":{"@id":"https:\/\/mondellohospitality.com\/mentions-legales\/#primaryimage"},"image":{"@id":"https:\/\/mondellohospitality.com\/mentions-legales\/#primaryimage"},"thumbnailUrl":"https:\/\/mondellohospitality.com\/wp-content\/uploads\/2025\/07\/CHARETTE-SICILIENNE-DECOREE-e1752600427161.webp","datePublished":"2025-07-13T13:56:53+00:00","dateModified":"2026-02-18T09:23:51+00:00","breadcrumb":{"@id":"https:\/\/mondellohospitality.com\/mentions-legales\/#breadcrumb"},"inLanguage":"en-GB","potentialAction":[{"@type":"ReadAction","target":["https:\/\/mondellohospitality.com\/mentions-legales\/"]}]},{"@type":"ImageObject","inLanguage":"en-GB","@id":"https:\/\/mondellohospitality.com\/mentions-legales\/#primaryimage","url":"https:\/\/mondellohospitality.com\/wp-content\/uploads\/2025\/07\/CHARETTE-SICILIENNE-DECOREE-e1752600427161.webp","contentUrl":"https:\/\/mondellohospitality.com\/wp-content\/uploads\/2025\/07\/CHARETTE-SICILIENNE-DECOREE-e1752600427161.webp","width":1440,"height":602,"caption":"Charette sicilienne d\u00e9cor\u00e9e de couleurs vives et de sc\u00e8nes du Moyen-Age"},{"@type":"BreadcrumbList","@id":"https:\/\/mondellohospitality.com\/mentions-legales\/#breadcrumb","itemListElement":[{"@type":"ListItem","position":1,"name":"Accueil","item":"https:\/\/mondellohospitality.com\/"},{"@type":"ListItem","position":2,"name":"mentions l\u00e9gales"}]},{"@type":"WebSite","@id":"https:\/\/mondellohospitality.com\/#website","url":"https:\/\/mondellohospitality.com\/","name":"Mondello Hospitality Events","description":"Creator of Moments - Bespoke events inspired by French elegance and Sicilian warmth\u2026","publisher":{"@id":"https:\/\/mondellohospitality.com\/#organization"},"potentialAction":[{"@type":"SearchAction","target":{"@type":"EntryPoint","urlTemplate":"https:\/\/mondellohospitality.com\/?s={search_term_string}"},"query-input":{"@type":"PropertyValueSpecification","valueRequired":true,"valueName":"search_term_string"}}],"inLanguage":"en-GB"},{"@type":"Organization","@id":"https:\/\/mondellohospitality.com\/#organization","name":"Mondello Hospitality Events","url":"https:\/\/mondellohospitality.com\/","logo":{"@type":"ImageObject","inLanguage":"en-GB","@id":"https:\/\/mondellohospitality.com\/#\/schema\/logo\/image\/","url":"https:\/\/mondellohospitality.com\/wp-content\/uploads\/2025\/07\/cropped-Maiolica-Bleu.webp","contentUrl":"https:\/\/mondellohospitality.com\/wp-content\/uploads\/2025\/07\/cropped-Maiolica-Bleu.webp","width":512,"height":512,"caption":"Mondello Hospitality Events"},"image":{"@id":"https:\/\/mondellohospitality.com\/#\/schema\/logo\/image\/"},"sameAs":["https:\/\/www.facebook.com\/share\/1CWkDSPve5\/?mibextid=wwXIfr","https:\/\/www.instagram.com\/mondello_hospitality_events\/","https:\/\/www.linkedin.com\/company\/mondello-hospitality\/"]}]}},"_links":{"self":[{"href":"https:\/\/mondellohospitality.com\/en\/wp-json\/wp\/v2\/pages\/1440","targetHints":{"allow":["GET"]}}],"collection":[{"href":"https:\/\/mondellohospitality.com\/en\/wp-json\/wp\/v2\/pages"}],"about":[{"href":"https:\/\/mondellohospitality.com\/en\/wp-json\/wp\/v2\/types\/page"}],"author":[{"embeddable":true,"href":"https:\/\/mondellohospitality.com\/en\/wp-json\/wp\/v2\/users\/1"}],"replies":[{"embeddable":true,"href":"https:\/\/mondellohospitality.com\/en\/wp-json\/wp\/v2\/comments?post=1440"}],"version-history":[{"count":76,"href":"https:\/\/mondellohospitality.com\/en\/wp-json\/wp\/v2\/pages\/1440\/revisions"}],"predecessor-version":[{"id":6170,"href":"https:\/\/mondellohospitality.com\/en\/wp-json\/wp\/v2\/pages\/1440\/revisions\/6170"}],"wp:featuredmedia":[{"embeddable":true,"href":"https:\/\/mondellohospitality.com\/en\/wp-json\/wp\/v2\/media\/20"}],"wp:attachment":[{"href":"https:\/\/mondellohospitality.com\/en\/wp-json\/wp\/v2\/media?parent=1440"}],"curies":[{"name":"wp","href":"https:\/\/api.w.org\/{rel}","templated":true}]}}